{"id":2452,"date":"2025-07-22T19:52:38","date_gmt":"2025-07-22T19:52:38","guid":{"rendered":"https:\/\/podadearvores.com.br\/?page_id=2452"},"modified":"2025-07-22T21:52:49","modified_gmt":"2025-07-22T21:52:49","slug":"nossa-empresa","status":"publish","type":"page","link":"https:\/\/podadearvores.com.br\/?page_id=2452","title":{"rendered":"Nossa Empresa"},"content":{"rendered":"\n<p>Sabemos o qu\u00e3o importante \u00e9 ter \u00e1rvores em nosso ambiente hoje em dia, mas tamb\u00e9m precisamos cuidar delas corretamente,&nbsp; a poda das \u00e1rvores n\u00e3o \u00e9 s\u00f3 por fim est\u00e9tico mas tamb\u00e9m para manter nossas resid\u00eancias seguras, principalmente&nbsp; nos dias de chuva, \u00e1rvores grandes correm o risco de cair danificando casas ou a rede el\u00e9trica.<\/p>\n\n\n\n<p>&nbsp;&nbsp;&nbsp;&nbsp;A fim de evitar esses problemas e preservar a sa\u00fade das arvores&nbsp; \u00e9 preciso fazer a poda de galhos ou o pr\u00f3prio corte da \u00e1rvore, com as t\u00e9cnicas corretas os galhos que representam perigo s\u00e3o tirados, ou se \u00e1rvores estiver danificada \u00e9 retirada toda.<\/p>\n\n\n\n<p>&nbsp;&nbsp;&nbsp;Existe tamb\u00e9m poda seletiva, que serve para permitir a&nbsp; entrada de mais luz solar no jardim ou na \u00e1rea circundante, beneficiando outras plantas e melhorando a visibilidade<\/p>\n\n\n\n<p>&nbsp;&nbsp;&nbsp;&nbsp;<strong>A SANT\u00b4ANNA CORTE E PODAS&nbsp;&nbsp;<\/strong>\u00e9 uma empresa com mais de 10 anos de&nbsp;<strong><em>experi\u00eancia<\/em><\/strong>&nbsp;no mercado, atua com efici\u00eancia e transpar\u00eancia .<\/p>\n\n\n\n<p>&nbsp;&nbsp;&nbsp;&nbsp;&nbsp;&nbsp;&nbsp;Oferecemos as melhores solu\u00e7\u00f5es com qualidade e agilidade&nbsp;<\/p>\n","protected":false},"excerpt":{"rendered":"<p>Sabemos o qu\u00e3o importante \u00e9 ter \u00e1rvores em nosso ambiente hoje em dia, mas tamb\u00e9m precisamos cuidar delas corretamente,&nbsp; a poda das \u00e1rvores n\u00e3o \u00e9 s\u00f3 por fim est\u00e9tico mas tamb\u00e9m para manter nossas resid\u00eancias seguras, principalmente&nbsp; nos dias de chuva, \u00e1rvores grandes correm o risco de cair danificando casas ou a rede el\u00e9trica. &nbsp;&nbsp;&nbsp;&nbsp;A [&hellip;]<\/p>\n","protected":false},"author":1,"featured_media":0,"parent":0,"menu_order":0,"comment_status":"closed","ping_status":"closed","template":"","meta":{"footnotes":""},"class_list":["post-2452","page","type-page","status-publish","hentry"],"_links":{"self":[{"href":"https:\/\/podadearvores.com.br\/index.php?rest_route=\/wp\/v2\/pages\/2452","targetHints":{"allow":["GET"]}}],"collection":[{"href":"https:\/\/podadearvores.com.br\/index.php?rest_route=\/wp\/v2\/pages"}],"about":[{"href":"https:\/\/podadearvores.com.br\/index.php?rest_route=\/wp\/v2\/types\/page"}],"author":[{"embeddable":true,"href":"https:\/\/podadearvores.com.br\/index.php?rest_route=\/wp\/v2\/users\/1"}],"replies":[{"embeddable":true,"href":"https:\/\/podadearvores.com.br\/index.php?rest_route=%2Fwp%2Fv2%2Fcomments&post=2452"}],"version-history":[{"count":1,"href":"https:\/\/podadearvores.com.br\/index.php?rest_route=\/wp\/v2\/pages\/2452\/revisions"}],"predecessor-version":[{"id":2453,"href":"https:\/\/podadearvores.com.br\/index.php?rest_route=\/wp\/v2\/pages\/2452\/revisions\/2453"}],"wp:attachment":[{"href":"https:\/\/podadearvores.com.br\/index.php?rest_route=%2Fwp%2Fv2%2Fmedia&parent=2452"}],"curies":[{"name":"wp","href":"https:\/\/api.w.org\/{rel}","templated":true}]}}